{"id":12,"date":"2019-06-11T10:05:55","date_gmt":"2019-06-11T10:05:55","guid":{"rendered":"http:\/\/www.orsiniarchitects.com\/?page_id=12"},"modified":"2025-10-27T18:02:07","modified_gmt":"2025-10-27T17:02:07","slug":"projects","status":"publish","type":"page","link":"https:\/\/www.orsiniarchitects.com\/index.php\/projects\/","title":{"rendered":"PROJECTS"},"content":{"rendered":"<div class=\"bm-builder\"><div class=\"module col-12   module-id-1565096545670\" data-module-col=\"12\"><div class=\"module-inside clearfix\"><div class=\"container-masonry ux-portfolio-3col  ux-portfolio-full ux-has-filter  filter-left\" data-ratio=\"\" data-col=\"3\" data-found=\"22\" data-number=\"-1\" data-mod=\"grid\"><div class=\"clearfix filters\"><ul class=\"filters-ul\"><li class=\"filters-li active\"><a id=\"all\" class=\"filters-a\" href=\"#\" data-filter=\"*\">All<span class=\"filter-num\">22<\/span><\/a><\/li><li class=\"filters-li\"><a class=\"filters-a\" data-filter=\".filter_apt\" href=\"https:\/\/www.orsiniarchitects.com\/index.php\/ux-portfolio-cat\/apt\/\" data-catid=\"6\" data-postid=\"12\">Appartamenti<span class=\"filter-num\">10<\/span><\/a><\/li><li class=\"filters-li\"><a class=\"filters-a\" data-filter=\".filter_case\" href=\"https:\/\/www.orsiniarchitects.com\/index.php\/ux-portfolio-cat\/case\/\" data-catid=\"9\" data-postid=\"12\">Case<span class=\"filter-num\">8<\/span><\/a><\/li><li class=\"filters-li\"><a class=\"filters-a\" data-filter=\".filter_commerciali\" href=\"https:\/\/www.orsiniarchitects.com\/index.php\/ux-portfolio-cat\/commerciali\/\" data-catid=\"7\" data-postid=\"12\">Commerciali<span class=\"filter-num\">4<\/span><\/a><\/li><\/ul><\/div><div class=\"masonry-list grid-list clearfix grid-list-1565096545670  grid-text-center   masonry-auto mouseover-no-effect \"  data-unique=\"1565096545670\" data-source=\"ux-portfolio\"><section class=\"grid-item filter_case filter_projects filter_top \" data-postid=\"1053\"><div class=\"grid-item-inside   \" data-animationend=\"fadeined\"><div class=\"grid-item-con post--1053\" ><a href=\"https:\/\/www.orsiniarchitects.com\/index.php\/ux-portfolio\/floresta-project\/\" title=\"FLORESTA PROJECT\" class=\"grid-item-mask-link\"><\/a><div class=\"grid-item-con-text\"><\/div><\/div><div class=\"brick-content ux-lazyload-wrap\" style=\" padding-top: 75%;\"><div class=\"ux-background-img ux-background-img-1st ux-lazyload-bgimg\" data-bg=\"https:\/\/www.orsiniarchitects.com\/wp-content\/uploads\/2022\/04\/Garden-scaled.jpg\"><\/div><div class=\"ux-background-img ux_background_img_hide ux-lazyload-bgimg\" data-bg=\"\"><\/div><\/div><\/div><\/section><section class=\"grid-item filter_commerciali filter_top \" data-postid=\"280\"><div class=\"grid-item-inside   \" data-animationend=\"fadeined\"><div class=\"grid-item-con post--280\" ><a href=\"https:\/\/www.orsiniarchitects.com\/index.php\/ux-portfolio\/smartly-corso-roma\/\" title=\"SMARTLY CORSO ROMA\" class=\"grid-item-mask-link\"><\/a><div class=\"grid-item-con-text\"><\/div><\/div><div class=\"brick-content ux-lazyload-wrap\" style=\" padding-top: 66.666666666667%;\"><div class=\"ux-background-img ux-background-img-1st ux-lazyload-bgimg\" data-bg=\"https:\/\/www.orsiniarchitects.com\/wp-content\/uploads\/2019\/08\/DSC_5748.jpg\"><\/div><div class=\"ux-background-img ux_background_img_hide ux-lazyload-bgimg\" data-bg=\"\"><\/div><\/div><\/div><\/section><section class=\"grid-item filter_case filter_projects filter_top \" data-postid=\"675\"><div class=\"grid-item-inside   \" data-animationend=\"fadeined\"><div class=\"grid-item-con post--675\" ><a href=\"https:\/\/www.orsiniarchitects.com\/index.php\/ux-portfolio\/casa-o-lodi\/\" title=\"O House\" class=\"grid-item-mask-link\"><\/a><div class=\"grid-item-con-text\"><\/div><\/div><div class=\"brick-content ux-lazyload-wrap\" style=\" padding-top: 69.82421875%;\"><div class=\"ux-background-img ux-background-img-1st ux-lazyload-bgimg\" data-bg=\"https:\/\/www.orsiniarchitects.com\/wp-content\/uploads\/2020\/01\/CarloHouse9.jpg\"><\/div><div class=\"ux-background-img ux_background_img_hide ux-lazyload-bgimg\" data-bg=\"\"><\/div><\/div><\/div><\/section><section class=\"grid-item filter_apt filter_projects filter_top \" data-postid=\"186\"><div class=\"grid-item-inside   \" data-animationend=\"fadeined\"><div class=\"grid-item-con post--186\" ><a href=\"https:\/\/www.orsiniarchitects.com\/index.php\/ux-portfolio\/apt-c-so-umberto\/\" title=\"PALAZZO STORICO LODI\" class=\"grid-item-mask-link\"><\/a><div class=\"grid-item-con-text\"><\/div><\/div><div class=\"brick-content ux-lazyload-wrap\" style=\" padding-top: 66.666666666667%;\"><div class=\"ux-background-img ux-background-img-1st ux-lazyload-bgimg\" data-bg=\"https:\/\/www.orsiniarchitects.com\/wp-content\/uploads\/2019\/08\/DSC_5684.jpg\"><\/div><div class=\"ux-background-img ux_background_img_hide ux-lazyload-bgimg\" data-bg=\"\"><\/div><\/div><\/div><\/section><section class=\"grid-item filter_apt filter_projects filter_top \" data-postid=\"923\"><div class=\"grid-item-inside   \" data-animationend=\"fadeined\"><div class=\"grid-item-con post--923\" ><a href=\"https:\/\/www.orsiniarchitects.com\/index.php\/ux-portfolio\/apt-co\/\" title=\"LODI CENTRO STORICO\" class=\"grid-item-mask-link\"><\/a><div class=\"grid-item-con-text\"><\/div><\/div><div class=\"brick-content ux-lazyload-wrap\" style=\" padding-top: 66.683366733467%;\"><div class=\"ux-background-img ux-background-img-1st ux-lazyload-bgimg\" data-bg=\"https:\/\/www.orsiniarchitects.com\/wp-content\/uploads\/2020\/03\/DSC_1138.jpg\"><\/div><div class=\"ux-background-img ux_background_img_hide ux-lazyload-bgimg\" data-bg=\"\"><\/div><\/div><\/div><\/section><section class=\"grid-item filter_case filter_projects filter_top \" data-postid=\"697\"><div class=\"grid-item-inside   \" data-animationend=\"fadeined\"><div class=\"grid-item-con post--697\" ><a href=\"https:\/\/www.orsiniarchitects.com\/index.php\/ux-portfolio\/st-barth-house\/\" title=\"SAINT BARTH\" class=\"grid-item-mask-link\"><\/a><div class=\"grid-item-con-text\"><\/div><\/div><div class=\"brick-content ux-lazyload-wrap\" style=\" padding-top: 75%;\"><div class=\"ux-background-img ux-background-img-1st ux-lazyload-bgimg\" data-bg=\"https:\/\/www.orsiniarchitects.com\/wp-content\/uploads\/2020\/01\/StBarth6.jpg\"><\/div><div class=\"ux-background-img ux_background_img_hide ux-lazyload-bgimg\" data-bg=\"\"><\/div><\/div><\/div><\/section><section class=\"grid-item filter_apt filter_projects filter_top \" data-postid=\"928\"><div class=\"grid-item-inside   \" data-animationend=\"fadeined\"><div class=\"grid-item-con post--928\" ><a href=\"https:\/\/www.orsiniarchitects.com\/index.php\/ux-portfolio\/apt-spa\/\" title=\"APPARTAMENTO PAVIA\" class=\"grid-item-mask-link\"><\/a><div class=\"grid-item-con-text\"><\/div><\/div><div class=\"brick-content ux-lazyload-wrap\" style=\" padding-top: 66.666666666667%;\"><div class=\"ux-background-img ux-background-img-1st ux-lazyload-bgimg\" data-bg=\"https:\/\/www.orsiniarchitects.com\/wp-content\/uploads\/2020\/03\/DSC_1328.jpg\"><\/div><div class=\"ux-background-img ux_background_img_hide ux-lazyload-bgimg\" data-bg=\"\"><\/div><\/div><\/div><\/section><section class=\"grid-item filter_apt filter_projects filter_top \" data-postid=\"514\"><div class=\"grid-item-inside   \" data-animationend=\"fadeined\"><div class=\"grid-item-con post--514\" ><a href=\"https:\/\/www.orsiniarchitects.com\/index.php\/ux-portfolio\/apt-bo\/\" title=\"VILLA LODI\" class=\"grid-item-mask-link\"><\/a><div class=\"grid-item-con-text\"><\/div><\/div><div class=\"brick-content ux-lazyload-wrap\" style=\" padding-top: 66.666666666667%;\"><div class=\"ux-background-img ux-background-img-1st ux-lazyload-bgimg\" data-bg=\"https:\/\/www.orsiniarchitects.com\/wp-content\/uploads\/2020\/01\/DSC_7990.jpg\"><\/div><div class=\"ux-background-img ux_background_img_hide ux-lazyload-bgimg\" data-bg=\"\"><\/div><\/div><\/div><\/section><section class=\"grid-item filter_apt filter_projects filter_top \" data-postid=\"159\"><div class=\"grid-item-inside   \" data-animationend=\"fadeined\"><div class=\"grid-item-con post--159\" ><a href=\"https:\/\/www.orsiniarchitects.com\/index.php\/ux-portfolio\/apt-lodi\/\" title=\"ATTICO LODI\" class=\"grid-item-mask-link\"><\/a><div class=\"grid-item-con-text\"><\/div><\/div><div class=\"brick-content ux-lazyload-wrap\" style=\" padding-top: 66.666666666667%;\"><div class=\"ux-background-img ux-background-img-1st ux-lazyload-bgimg\" data-bg=\"https:\/\/www.orsiniarchitects.com\/wp-content\/uploads\/2019\/08\/DSC_5774.jpg\"><\/div><div class=\"ux-background-img ux_background_img_hide ux-lazyload-bgimg\" data-bg=\"\"><\/div><\/div><\/div><\/section><section class=\"grid-item filter_case filter_projects filter_top \" data-postid=\"1063\"><div class=\"grid-item-inside   \" data-animationend=\"fadeined\"><div class=\"grid-item-con post--1063\" ><a href=\"https:\/\/www.orsiniarchitects.com\/index.php\/ux-portfolio\/sea-and-wind\/\" title=\"Sea and Wind\" class=\"grid-item-mask-link\"><\/a><div class=\"grid-item-con-text\"><\/div><\/div><div class=\"brick-content ux-lazyload-wrap\" style=\" padding-top: 66.6796875%;\"><div class=\"ux-background-img ux-background-img-1st ux-lazyload-bgimg\" data-bg=\"https:\/\/www.orsiniarchitects.com\/wp-content\/uploads\/2022\/04\/IMG_1407-scaled.jpg\"><\/div><div class=\"ux-background-img ux_background_img_hide ux-lazyload-bgimg\" data-bg=\"\"><\/div><\/div><\/div><\/section><section class=\"grid-item filter_case filter_projects filter_top \" data-postid=\"599\"><div class=\"grid-item-inside   \" data-animationend=\"fadeined\"><div class=\"grid-item-con post--599\" ><a href=\"https:\/\/www.orsiniarchitects.com\/index.php\/ux-portfolio\/b6-house\/\" title=\"B6 House\" class=\"grid-item-mask-link\"><\/a><div class=\"grid-item-con-text\"><\/div><\/div><div class=\"brick-content ux-lazyload-wrap\" style=\" padding-top: 67.03125%;\"><div class=\"ux-background-img ux-background-img-1st ux-lazyload-bgimg\" data-bg=\"https:\/\/www.orsiniarchitects.com\/wp-content\/uploads\/2020\/01\/Barzaghi619.jpg\"><\/div><div class=\"ux-background-img ux_background_img_hide ux-lazyload-bgimg\" data-bg=\"\"><\/div><\/div><\/div><\/section><section class=\"grid-item filter_apt filter_projects filter_top \" data-postid=\"577\"><div class=\"grid-item-inside   \" data-animationend=\"fadeined\"><div class=\"grid-item-con post--577\" ><a href=\"https:\/\/www.orsiniarchitects.com\/index.php\/ux-portfolio\/apt-re-lodi\/\" title=\"MANSARDA LODI\" class=\"grid-item-mask-link\"><\/a><div class=\"grid-item-con-text\"><\/div><\/div><div class=\"brick-content ux-lazyload-wrap\" style=\" padding-top: 66.927083333333%;\"><div class=\"ux-background-img ux-background-img-1st ux-lazyload-bgimg\" data-bg=\"https:\/\/www.orsiniarchitects.com\/wp-content\/uploads\/2020\/01\/DSC4930.jpg\"><\/div><div class=\"ux-background-img ux_background_img_hide ux-lazyload-bgimg\" data-bg=\"\"><\/div><\/div><\/div><\/section><section class=\"grid-item filter_apt filter_projects filter_top \" data-postid=\"932\"><div class=\"grid-item-inside   \" data-animationend=\"fadeined\"><div class=\"grid-item-con post--932\" ><a href=\"https:\/\/www.orsiniarchitects.com\/index.php\/ux-portfolio\/apt-spe\/\" title=\"MILANO PARCO SEMPIONE\" class=\"grid-item-mask-link\"><\/a><div class=\"grid-item-con-text\"><\/div><\/div><div class=\"brick-content ux-lazyload-wrap\" style=\" padding-top: 66.717948717949%;\"><div class=\"ux-background-img ux-background-img-1st ux-lazyload-bgimg\" data-bg=\"https:\/\/www.orsiniarchitects.com\/wp-content\/uploads\/2020\/03\/DSC_0991.jpg\"><\/div><div class=\"ux-background-img ux_background_img_hide ux-lazyload-bgimg\" data-bg=\"\"><\/div><\/div><\/div><\/section><section class=\"grid-item filter_commerciali filter_projects filter_top \" data-postid=\"638\"><div class=\"grid-item-inside   \" data-animationend=\"fadeined\"><div class=\"grid-item-con post--638\" ><a href=\"https:\/\/www.orsiniarchitects.com\/index.php\/ux-portfolio\/boutique-smartly-c-so-vittorio\/\" title=\"Boutique Smartly C.so Vittorio\" class=\"grid-item-mask-link\"><\/a><div class=\"grid-item-con-text\"><\/div><\/div><div class=\"brick-content ux-lazyload-wrap\" style=\" padding-top: 66.40625%;\"><div class=\"ux-background-img ux-background-img-1st ux-lazyload-bgimg\" data-bg=\"https:\/\/www.orsiniarchitects.com\/wp-content\/uploads\/2020\/01\/Smartly_CsoVittorio12.jpg\"><\/div><div class=\"ux-background-img ux_background_img_hide ux-lazyload-bgimg\" data-bg=\"\"><\/div><\/div><\/div><\/section><section class=\"grid-item filter_commerciali filter_projects filter_top \" data-postid=\"796\"><div class=\"grid-item-inside   \" data-animationend=\"fadeined\"><div class=\"grid-item-con post--796\" ><a href=\"https:\/\/www.orsiniarchitects.com\/index.php\/ux-portfolio\/boutique-upla-lodi\/\" title=\"Boutique Upla Lodi\" class=\"grid-item-mask-link\"><\/a><div class=\"grid-item-con-text\"><\/div><\/div><div class=\"brick-content ux-lazyload-wrap\" style=\" padding-top: 66.40625%;\"><div class=\"ux-background-img ux-background-img-1st ux-lazyload-bgimg\" data-bg=\"https:\/\/www.orsiniarchitects.com\/wp-content\/uploads\/2020\/01\/Smartly_CsoVittorio14.jpg\"><\/div><div class=\"ux-background-img ux_background_img_hide ux-lazyload-bgimg\" data-bg=\"\"><\/div><\/div><\/div><\/section><section class=\"grid-item filter_apt filter_projects filter_top \" data-postid=\"542\"><div class=\"grid-item-inside   \" data-animationend=\"fadeined\"><div class=\"grid-item-con post--542\" ><a href=\"https:\/\/www.orsiniarchitects.com\/index.php\/ux-portfolio\/apt-sc\/\" title=\"Apt. Sc\" class=\"grid-item-mask-link\"><\/a><div class=\"grid-item-con-text\"><\/div><\/div><div class=\"brick-content ux-lazyload-wrap\" style=\" padding-top: 66.40625%;\"><div class=\"ux-background-img ux-background-img-1st ux-lazyload-bgimg\" data-bg=\"https:\/\/www.orsiniarchitects.com\/wp-content\/uploads\/2020\/01\/DSC0594_R.jpg\"><\/div><div class=\"ux-background-img ux_background_img_hide ux-lazyload-bgimg\" data-bg=\"\"><\/div><\/div><\/div><\/section><section class=\"grid-item filter_apt filter_projects filter_top \" data-postid=\"765\"><div class=\"grid-item-inside   \" data-animationend=\"fadeined\"><div class=\"grid-item-con post--765\" ><a href=\"https:\/\/www.orsiniarchitects.com\/index.php\/ux-portfolio\/apt-xx-settembre-lodi\/\" title=\"CENTRO STORICO\" class=\"grid-item-mask-link\"><\/a><div class=\"grid-item-con-text\"><\/div><\/div><div class=\"brick-content ux-lazyload-wrap\" style=\" padding-top: 66.71875%;\"><div class=\"ux-background-img ux-background-img-1st ux-lazyload-bgimg\" data-bg=\"https:\/\/www.orsiniarchitects.com\/wp-content\/uploads\/2020\/01\/DSC_5701.jpg\"><\/div><div class=\"ux-background-img ux_background_img_hide ux-lazyload-bgimg\" data-bg=\"\"><\/div><\/div><\/div><\/section><section class=\"grid-item filter_case filter_projects filter_top \" data-postid=\"14\"><div class=\"grid-item-inside   \" data-animationend=\"fadeined\"><div class=\"grid-item-con post--14\" ><a href=\"https:\/\/www.orsiniarchitects.com\/index.php\/ux-portfolio\/colazza\/\" title=\"LAGO MAGGIORE\" class=\"grid-item-mask-link\"><\/a><div class=\"grid-item-con-text\"><\/div><\/div><div class=\"brick-content ux-lazyload-wrap\" style=\" padding-top: 66.666666666667%;\"><div class=\"ux-background-img ux-background-img-1st ux-lazyload-bgimg\" data-bg=\"https:\/\/www.orsiniarchitects.com\/wp-content\/uploads\/2019\/06\/DSC_5450.jpg\"><\/div><div class=\"ux-background-img ux_background_img_hide ux-lazyload-bgimg\" data-bg=\"\"><\/div><\/div><\/div><\/section><section class=\"grid-item filter_case filter_projects filter_top \" data-postid=\"665\"><div class=\"grid-item-inside   \" data-animationend=\"fadeined\"><div class=\"grid-item-con post--665\" ><a href=\"https:\/\/www.orsiniarchitects.com\/index.php\/ux-portfolio\/cascina-p\/\" title=\"CASCINA LODI\" class=\"grid-item-mask-link\"><\/a><div class=\"grid-item-con-text\"><\/div><\/div><div class=\"brick-content ux-lazyload-wrap\" style=\" padding-top: 66.69921875%;\"><div class=\"ux-background-img ux-background-img-1st ux-lazyload-bgimg\" data-bg=\"https:\/\/www.orsiniarchitects.com\/wp-content\/uploads\/2020\/01\/CascinaP1.jpg\"><\/div><div class=\"ux-background-img ux_background_img_hide ux-lazyload-bgimg\" data-bg=\"\"><\/div><\/div><\/div><\/section><section class=\"grid-item filter_commerciali filter_projects filter_top \" data-postid=\"1095\"><div class=\"grid-item-inside   \" data-animationend=\"fadeined\"><div class=\"grid-item-con post--1095\" ><a href=\"https:\/\/www.orsiniarchitects.com\/index.php\/ux-portfolio\/musam\/\" title=\"M U S A M\" class=\"grid-item-mask-link\"><\/a><div class=\"grid-item-con-text\"><\/div><\/div><div class=\"brick-content ux-lazyload-wrap\" style=\" padding-top: 74.945054945055%;\"><div class=\"ux-background-img ux-background-img-1st ux-lazyload-bgimg\" data-bg=\"https:\/\/www.orsiniarchitects.com\/wp-content\/uploads\/2024\/05\/OA_30403.jpg\"><\/div><div class=\"ux-background-img ux_background_img_hide ux-lazyload-bgimg\" data-bg=\"\"><\/div><\/div><\/div><\/section><section class=\"grid-item filter_case filter_projects filter_top \" data-postid=\"713\"><div class=\"grid-item-inside   \" data-animationend=\"fadeined\"><div class=\"grid-item-con post--713\" ><a href=\"https:\/\/www.orsiniarchitects.com\/index.php\/ux-portfolio\/v59-house-milano\/\" title=\"MILANO CITT\u00c0 STUDI\" class=\"grid-item-mask-link\"><\/a><div class=\"grid-item-con-text\"><\/div><\/div><div class=\"brick-content ux-lazyload-wrap\" style=\" padding-top: 66.666666666667%;\"><div class=\"ux-background-img ux-background-img-1st ux-lazyload-bgimg\" data-bg=\"https:\/\/www.orsiniarchitects.com\/wp-content\/uploads\/2020\/01\/DSC_3076.jpg\"><\/div><div class=\"ux-background-img ux_background_img_hide ux-lazyload-bgimg\" data-bg=\"\"><\/div><\/div><\/div><\/section><section class=\"grid-item filter_apt filter_projects filter_top \" data-postid=\"1027\"><div class=\"grid-item-inside   \" data-animationend=\"fadeined\"><div class=\"grid-item-con post--1027\" ><a href=\"https:\/\/www.orsiniarchitects.com\/index.php\/ux-portfolio\/101-ocean-avenue-santa-monica-ca\/\" title=\"101 OCEAN AVENUE, Santa Monica, CA\" class=\"grid-item-mask-link\"><\/a><div class=\"grid-item-con-text\"><\/div><\/div><div class=\"brick-content ux-lazyload-wrap\" style=\" padding-top: 59.375%;\"><div class=\"ux-background-img ux-background-img-1st ux-lazyload-bgimg\" data-bg=\"https:\/\/www.orsiniarchitects.com\/wp-content\/uploads\/2021\/11\/Central-View-Alex-e1761584763643.jpg\"><\/div><div class=\"ux-background-img ux_background_img_hide ux-lazyload-bgimg\" data-bg=\"\"><\/div><\/div><\/div><\/section><\/div><\/div><\/div><\/div><div class=\"module col-0   module-id-1565171585628\" data-module-col=\"0\"><div class=\"module-inside clearfix\"><div class=\"text_block_out \" data-animationend=\"fadeined\"><div class=\"text_block ux-mod-nobg\" style=\"\"><div class=\"text_block_inn\"><div class=\"text_block_centered \" style=\"padding-left: 50px; padding-right: 50px;\">\r\n<p style=\"text-align: justify;\"><span style=\"color: #000000; font-size: 16px;\">Orsini Architects propone un approccio sinergico nella realizzazione dei propri progetti: ogni singola produzione passa attraverso un\u2019 analisi non solo tecnica ma anche creativa e prospettica in relazione al design d\u2019interni desiderato dal cliente. Questo significa non solo permettere di strutturare progetti pi\u00f9 complessi e completi ma impone anche l\u2019ausilio di tutta la squadra di architetti e progettisti che lavorano insieme per dare vita alle migliori soluzioni, attuali ora come in futuro.<\/span><\/p>\r\n<span style=\"font-size: 16px;\">\u00a0<\/span>\r\n<p style=\"text-align: justify;\"><span style=\"color: #000000; font-size: 16px;\">Oltre alla tecnica e alla sicura professionalit\u00e0, lo studio dell\u2019Architetto Orsini segue una precisa filosofia, quella che nelle parole dello stesso lead architect diventa l\u2019\u201destetica relazionale\u201d: l\u2019abitare non \u00e8 solo un atto pratico ma \u00e8 prima di tutto un elemento del vivere personale, sottile e delicato, con un\u2019accezione unica per ognuno di noi. Inquadrare un progetto in uno stile o in una tendenza pu\u00f2 diventare una gabbia che limita la creativit\u00e0 e le sensazioni. Per questo, diventa essenziale interpretare, comprendere e abbracciare le aspettative del cliente e del suo \u201cmodo di abitare\u201d per andare a realizzare, in sintonia perfetta, quello spazio che, incurante delle mode passeggere o degli stili fugaci, guadagna l\u2019intimit\u00e0 e la profondit\u00e0 di una casa realmente vissuta.<\/span><\/p>\r\n&nbsp;\r\n<p style=\"text-align: justify;\"><span style=\"color: #000000; font-size: 16px;\">L&#8217;architetto non \u00e8 dunque un semplice tecnico o progettista: l&#8217;architetto \u00e8 prima di tutto un interprete che, proprio grazie alla propria preparazione, pu\u00f2 diventare l&#8217;interlocutore ideale delle volont\u00e0 del cliente.<\/span><\/p>\r\n<\/div><\/div><\/div><\/div><\/div><\/div><\/div>","protected":false},"excerpt":{"rendered":"","protected":false},"author":1,"featured_media":46,"parent":0,"menu_order":0,"comment_status":"closed","ping_status":"closed","template":"","meta":{"inline_featured_image":false,"footnotes":""},"_links":{"self":[{"href":"https:\/\/www.orsiniarchitects.com\/index.php\/wp-json\/wp\/v2\/pages\/12"}],"collection":[{"href":"https:\/\/www.orsiniarchitects.com\/index.php\/wp-json\/wp\/v2\/pages"}],"about":[{"href":"https:\/\/www.orsiniarchitects.com\/index.php\/wp-json\/wp\/v2\/types\/page"}],"author":[{"embeddable":true,"href":"https:\/\/www.orsiniarchitects.com\/index.php\/wp-json\/wp\/v2\/users\/1"}],"replies":[{"embeddable":true,"href":"https:\/\/www.orsiniarchitects.com\/index.php\/wp-json\/wp\/v2\/comments?post=12"}],"version-history":[{"count":26,"href":"https:\/\/www.orsiniarchitects.com\/index.php\/wp-json\/wp\/v2\/pages\/12\/revisions"}],"predecessor-version":[{"id":1262,"href":"https:\/\/www.orsiniarchitects.com\/index.php\/wp-json\/wp\/v2\/pages\/12\/revisions\/1262"}],"wp:featuredmedia":[{"embeddable":true,"href":"https:\/\/www.orsiniarchitects.com\/index.php\/wp-json\/wp\/v2\/media\/46"}],"wp:attachment":[{"href":"https:\/\/www.orsiniarchitects.com\/index.php\/wp-json\/wp\/v2\/media?parent=12"}],"curies":[{"name":"wp","href":"https:\/\/api.w.org\/{rel}","templated":true}]}}