{"id":373,"date":"2020-01-17T17:06:04","date_gmt":"2020-01-17T17:06:04","guid":{"rendered":"http:\/\/www.orsiniarchitects.com\/?page_id=373"},"modified":"2021-10-27T16:43:46","modified_gmt":"2021-10-27T14:43:46","slug":"claudio","status":"publish","type":"page","link":"https:\/\/www.orsiniarchitects.com\/index.php\/claudio\/","title":{"rendered":"CLAUDIO"},"content":{"rendered":"<div class=\"bm-builder\"><div class=\"module col-0   module-id-1579280765750\" data-module-col=\"0\"><div class=\"module-inside clearfix\"><div class=\"text_block_out \" data-animationend=\"fadeined\"><div class=\"text_block withbg background_image fullscreen-wrap\" style=\"background-image:url(https:\/\/www.orsiniarchitects.com\/wp-content\/uploads\/2021\/10\/Claudio_Modifiche-26.10.2021-scaled.jpg);\"><div class=\"text_block_inn\"><div class=\"text_block_centered \" style=\"\"><p><span style=\"font-size: 34px;\"><font data-msize=\"16\" color=\"#000000\"><br><\/font><\/span><\/p>\r\n<p><span style=\"font-size: 34px;\"><font data-msize=\"16\" color=\"#ffffff\">&nbsp; CLAUDIO<\/font><\/span><\/p>\r\n<\/div><\/div><\/div><\/div><\/div><\/div><div class=\"module col-0   module-id-1579280765819\" data-module-col=\"0\"><div class=\"module-inside clearfix\"><div class=\"text_block_out \" data-animationend=\"fadeined\"><div class=\"text_block ux-mod-nobg\" style=\"\"><div class=\"text_block_inn\"><div class=\"text_block_centered \" style=\"padding-left: 80px; padding-right: 80px;\"><p style=\"text-align: justify; \"><span style=\"color: rgb(0, 0, 0); font-size: 16px;\">Lodigiano doc, fin dalle scuole superiori dimostra una naturale inclinazione al mondo della progettazione. Dopo l\u2019iscrizione all\u2019Istituto Tecnico e Commerciale per Geometri \u201cAgostino Bassi\u201d e il brillante conseguimento del Diploma, decide di proseguire gli studi nel campo dell\u2019urbanistica, affrontando il corso di Laurea al Politecnico di Milano \u201cArchitettura e Produzione Edilizia\u201d, proseguendo una via ormai tracciata.<\/span><br><\/p>\r\n<p style=\"text-align: justify;\"><span style=\"font-size: 16px;\"><font color=\"#000000\">Il suo percorso formativo continua durante e dopo gli studi con diversi stage in importanti Studi d\u2019Architettura e di Design e proseguendo nell\u2019assistere il Prof. Ezio Arlati, percorso che lo porter\u00e0 ad affrontare anche la tematica del turismo e delle problematiche affrontabili nel sistema di progettazione BIM. &nbsp;Proprio su quest\u2019ultima esperienza verte la sua tesi di ricerca.&nbsp;<\/font><\/span><span style=\"color: rgb(0, 0, 0); font-size: 16px;\">Nuovo arrivato del team e vivace progettista, si \u00e8 subito distinto per precisione e umilt\u00e0. Allo Studio, si occupa della progettazione architettonica ed \u00e8 il diretto interessato per ogni dettaglio grafico, sia di architectural design che di interior design.\u2028Esperto in diversi software, si occupa di:<\/span><\/p>\r\n<p style=\"text-align: justify;\"><span style=\"font-size: 16px;\"><font color=\"#000000\">\u2013 Rendering<\/font><\/span><\/p>\r\n<p style=\"text-align: justify; \"><span style=\"font-size: 16px;\"><font color=\"#000000\">\u2013 Progettazione Grafica<\/font><\/span><\/p>\r\n<p style=\"text-align: justify;\"><span style=\"font-size: 16px;\"><font color=\"#000000\">\u2013 Interior and Exterior Design<\/font><\/span><\/p>\r\n<p style=\"text-align: justify;\"><span style=\"font-size: 16px;\"><font color=\"#000000\">\u2013 Landscape Design<\/font><\/span><\/p>\r\n<div><\/div>\r\n<div><\/div>\r\n<\/div><\/div><\/div><\/div><\/div><\/div><\/div>","protected":false},"excerpt":{"rendered":"","protected":false},"author":1,"featured_media":0,"parent":0,"menu_order":0,"comment_status":"closed","ping_status":"closed","template":"","meta":{"inline_featured_image":false,"footnotes":""},"_links":{"self":[{"href":"https:\/\/www.orsiniarchitects.com\/index.php\/wp-json\/wp\/v2\/pages\/373"}],"collection":[{"href":"https:\/\/www.orsiniarchitects.com\/index.php\/wp-json\/wp\/v2\/pages"}],"about":[{"href":"https:\/\/www.orsiniarchitects.com\/index.php\/wp-json\/wp\/v2\/types\/page"}],"author":[{"embeddable":true,"href":"https:\/\/www.orsiniarchitects.com\/index.php\/wp-json\/wp\/v2\/users\/1"}],"replies":[{"embeddable":true,"href":"https:\/\/www.orsiniarchitects.com\/index.php\/wp-json\/wp\/v2\/comments?post=373"}],"version-history":[{"count":9,"href":"https:\/\/www.orsiniarchitects.com\/index.php\/wp-json\/wp\/v2\/pages\/373\/revisions"}],"predecessor-version":[{"id":380,"href":"https:\/\/www.orsiniarchitects.com\/index.php\/wp-json\/wp\/v2\/pages\/373\/revisions\/380"}],"wp:attachment":[{"href":"https:\/\/www.orsiniarchitects.com\/index.php\/wp-json\/wp\/v2\/media?parent=373"}],"curies":[{"name":"wp","href":"https:\/\/api.w.org\/{rel}","templated":true}]}}