{"id":5,"date":"2019-06-11T08:53:52","date_gmt":"2019-06-11T08:53:52","guid":{"rendered":"http:\/\/www.orsiniarchitects.com\/?page_id=5"},"modified":"2021-10-13T17:01:27","modified_gmt":"2021-10-13T15:01:27","slug":"home-page","status":"publish","type":"page","link":"https:\/\/www.orsiniarchitects.com\/","title":{"rendered":"HOME PAGE"},"content":{"rendered":"<div class=\"bm-builder\"><div class=\"module col-0   module-id-1565171376865\" data-module-col=\"0\"><div class=\"module-inside clearfix\"><div class=\"text_block_out \" data-animationend=\"fadeined\"><div class=\"text_block ux-mod-nobg\" style=\"\"><div class=\"text_block_inn\"><div class=\"text_block_centered \" style=\"padding-left: 80px; padding-right: 80px;\"><p style=\"text-align: justify; \">\r\n<\/p><p style=\"text-align: justify;\"><span style=\"font-size: 16px;\"><br>\r\n<\/span><\/p>\r\n<p style=\"text-align: justify; \"><span data-msize=\"18\" style=\"font-size: 22px;\"><i data-msize=\"18\">Progettare luoghi dell\u2019 abitare \u00e8 penetrare nell\u2019intimit\u00e0 della vita delle persone: un compito delicato a cui dedicare la massima attenzione e cura. Per questo il nostro \u00e8 un lavoro di relazione con i clienti, per capirne le necessit\u00e0 e interpretarne i desideri profondi e dare forma al loro personale modo di abitare.<\/i><\/span><\/p>\r\n<p style=\"text-align: right; line-height: 2.2;\"><span data-msize=\"14\" style=\"font-size: 22px;\"><i><b>Carlo Orsini<\/b><\/i><\/span><\/p>\r\n<\/div><\/div><\/div><\/div><\/div><\/div><div class=\"module col-0   module-id-1565171229074\" data-module-col=\"0\"><div class=\"module-inside clearfix\"><div class=\"container-masonry ux-portfolio-2col  ux-portfolio-full   filter-left\" data-ratio=\"\" data-col=\"2\" data-found=\"22\" data-number=\"-1\" data-mod=\"grid\"><div class=\"masonry-list grid-list clearfix grid-list-1565171229074  grid-text-center   masonry-auto  image-fit-grid\"  data-unique=\"1565171229074\" data-source=\"ux-portfolio\"><section class=\"grid-item filter_commerciali filter_projects filter_top \" data-postid=\"1095\"><div class=\"grid-item-inside   bm-touch-tab\" data-animationend=\"fadeined\"><div class=\"grid-item-con post--1095\" ><a href=\"https:\/\/www.orsiniarchitects.com\/index.php\/ux-portfolio\/musam\/\" title=\"M U S A M\" class=\"grid-item-mask-link\"><\/a><div class=\"grid-item-con-text\"><h2 class=\"grid-item-tit\"><a href=\"https:\/\/www.orsiniarchitects.com\/index.php\/ux-portfolio\/musam\/\" title=\"M U S A M\" class=\"grid-item-tit-a\">M U S A M<\/a><\/h2><\/div><\/div><div class=\"brick-content ux-lazyload-wrap\" style=\" padding-top: 74.945054945055%;\"><div class=\"ux-background-img ux-background-img-1st ux-lazyload-bgimg\" data-bg=\"https:\/\/www.orsiniarchitects.com\/wp-content\/uploads\/2024\/05\/OA_30403.jpg\"><\/div><div class=\"ux-background-img ux_background_img_hide ux-lazyload-bgimg\" data-bg=\"\"><\/div><\/div><\/div><\/section><section class=\"grid-item filter_case filter_projects filter_top \" data-postid=\"1063\"><div class=\"grid-item-inside   bm-touch-tab\" data-animationend=\"fadeined\"><div class=\"grid-item-con post--1063\" ><a href=\"https:\/\/www.orsiniarchitects.com\/index.php\/ux-portfolio\/sea-and-wind\/\" title=\"Sea and Wind\" class=\"grid-item-mask-link\"><\/a><div class=\"grid-item-con-text\"><h2 class=\"grid-item-tit\"><a href=\"https:\/\/www.orsiniarchitects.com\/index.php\/ux-portfolio\/sea-and-wind\/\" title=\"Sea and Wind\" class=\"grid-item-tit-a\">Sea and Wind<\/a><\/h2><\/div><\/div><div class=\"brick-content ux-lazyload-wrap\" style=\" padding-top: 66.6796875%;\"><div class=\"ux-background-img ux-background-img-1st ux-lazyload-bgimg\" data-bg=\"https:\/\/www.orsiniarchitects.com\/wp-content\/uploads\/2022\/04\/IMG_1407-scaled.jpg\"><\/div><div class=\"ux-background-img ux_background_img_hide ux-lazyload-bgimg\" data-bg=\"\"><\/div><\/div><\/div><\/section><section class=\"grid-item filter_case filter_projects filter_top \" data-postid=\"1053\"><div class=\"grid-item-inside   bm-touch-tab\" data-animationend=\"fadeined\"><div class=\"grid-item-con post--1053\" ><a href=\"https:\/\/www.orsiniarchitects.com\/index.php\/ux-portfolio\/floresta-project\/\" title=\"FLORESTA PROJECT\" class=\"grid-item-mask-link\"><\/a><div class=\"grid-item-con-text\"><h2 class=\"grid-item-tit\"><a href=\"https:\/\/www.orsiniarchitects.com\/index.php\/ux-portfolio\/floresta-project\/\" title=\"FLORESTA PROJECT\" class=\"grid-item-tit-a\">FLORESTA PROJECT<\/a><\/h2><\/div><\/div><div class=\"brick-content ux-lazyload-wrap\" style=\" padding-top: 75%;\"><div class=\"ux-background-img ux-background-img-1st ux-lazyload-bgimg\" data-bg=\"https:\/\/www.orsiniarchitects.com\/wp-content\/uploads\/2022\/04\/Garden-scaled.jpg\"><\/div><div class=\"ux-background-img ux_background_img_hide ux-lazyload-bgimg\" data-bg=\"\"><\/div><\/div><\/div><\/section><section class=\"grid-item filter_apt filter_projects filter_top \" data-postid=\"1027\"><div class=\"grid-item-inside   bm-touch-tab\" data-animationend=\"fadeined\"><div class=\"grid-item-con post--1027\" ><a href=\"https:\/\/www.orsiniarchitects.com\/index.php\/ux-portfolio\/101-ocean-avenue-santa-monica-ca\/\" title=\"101 OCEAN AVENUE, Santa Monica, CA\" class=\"grid-item-mask-link\"><\/a><div class=\"grid-item-con-text\"><h2 class=\"grid-item-tit\"><a href=\"https:\/\/www.orsiniarchitects.com\/index.php\/ux-portfolio\/101-ocean-avenue-santa-monica-ca\/\" title=\"101 OCEAN AVENUE, Santa Monica, CA\" class=\"grid-item-tit-a\">101 OCEAN AVENUE, Santa Monica, CA<\/a><\/h2><\/div><\/div><div class=\"brick-content ux-lazyload-wrap\" style=\" padding-top: 59.375%;\"><div class=\"ux-background-img ux-background-img-1st ux-lazyload-bgimg\" data-bg=\"https:\/\/www.orsiniarchitects.com\/wp-content\/uploads\/2021\/11\/Central-View-Alex-e1761584763643.jpg\"><\/div><div class=\"ux-background-img ux_background_img_hide ux-lazyload-bgimg\" data-bg=\"\"><\/div><\/div><\/div><\/section><section class=\"grid-item filter_apt filter_projects filter_top \" data-postid=\"932\"><div class=\"grid-item-inside   bm-touch-tab\" data-animationend=\"fadeined\"><div class=\"grid-item-con post--932\" ><a href=\"https:\/\/www.orsiniarchitects.com\/index.php\/ux-portfolio\/apt-spe\/\" title=\"MILANO PARCO SEMPIONE\" class=\"grid-item-mask-link\"><\/a><div class=\"grid-item-con-text\"><h2 class=\"grid-item-tit\"><a href=\"https:\/\/www.orsiniarchitects.com\/index.php\/ux-portfolio\/apt-spe\/\" title=\"MILANO PARCO SEMPIONE\" class=\"grid-item-tit-a\">MILANO PARCO SEMPIONE<\/a><\/h2><\/div><\/div><div class=\"brick-content ux-lazyload-wrap\" style=\" padding-top: 66.717948717949%;\"><div class=\"ux-background-img ux-background-img-1st ux-lazyload-bgimg\" data-bg=\"https:\/\/www.orsiniarchitects.com\/wp-content\/uploads\/2020\/03\/DSC_0991.jpg\"><\/div><div class=\"ux-background-img ux_background_img_hide ux-lazyload-bgimg\" data-bg=\"\"><\/div><\/div><\/div><\/section><section class=\"grid-item filter_apt filter_projects filter_top \" data-postid=\"928\"><div class=\"grid-item-inside   bm-touch-tab\" data-animationend=\"fadeined\"><div class=\"grid-item-con post--928\" ><a href=\"https:\/\/www.orsiniarchitects.com\/index.php\/ux-portfolio\/apt-spa\/\" title=\"APPARTAMENTO PAVIA\" class=\"grid-item-mask-link\"><\/a><div class=\"grid-item-con-text\"><h2 class=\"grid-item-tit\"><a href=\"https:\/\/www.orsiniarchitects.com\/index.php\/ux-portfolio\/apt-spa\/\" title=\"APPARTAMENTO PAVIA\" class=\"grid-item-tit-a\">APPARTAMENTO PAVIA<\/a><\/h2><\/div><\/div><div class=\"brick-content ux-lazyload-wrap\" style=\" padding-top: 66.666666666667%;\"><div class=\"ux-background-img ux-background-img-1st ux-lazyload-bgimg\" data-bg=\"https:\/\/www.orsiniarchitects.com\/wp-content\/uploads\/2020\/03\/DSC_1328.jpg\"><\/div><div class=\"ux-background-img ux_background_img_hide ux-lazyload-bgimg\" data-bg=\"\"><\/div><\/div><\/div><\/section><section class=\"grid-item filter_apt filter_projects filter_top \" data-postid=\"923\"><div class=\"grid-item-inside   bm-touch-tab\" data-animationend=\"fadeined\"><div class=\"grid-item-con post--923\" ><a href=\"https:\/\/www.orsiniarchitects.com\/index.php\/ux-portfolio\/apt-co\/\" title=\"LODI CENTRO STORICO\" class=\"grid-item-mask-link\"><\/a><div class=\"grid-item-con-text\"><h2 class=\"grid-item-tit\"><a href=\"https:\/\/www.orsiniarchitects.com\/index.php\/ux-portfolio\/apt-co\/\" title=\"LODI CENTRO STORICO\" class=\"grid-item-tit-a\">LODI CENTRO STORICO<\/a><\/h2><\/div><\/div><div class=\"brick-content ux-lazyload-wrap\" style=\" padding-top: 66.683366733467%;\"><div class=\"ux-background-img ux-background-img-1st ux-lazyload-bgimg\" data-bg=\"https:\/\/www.orsiniarchitects.com\/wp-content\/uploads\/2020\/03\/DSC_1138.jpg\"><\/div><div class=\"ux-background-img ux_background_img_hide ux-lazyload-bgimg\" data-bg=\"\"><\/div><\/div><\/div><\/section><section class=\"grid-item filter_commerciali filter_projects filter_top \" data-postid=\"796\"><div class=\"grid-item-inside   bm-touch-tab\" data-animationend=\"fadeined\"><div class=\"grid-item-con post--796\" ><a href=\"https:\/\/www.orsiniarchitects.com\/index.php\/ux-portfolio\/boutique-upla-lodi\/\" title=\"Boutique Upla Lodi\" class=\"grid-item-mask-link\"><\/a><div class=\"grid-item-con-text\"><h2 class=\"grid-item-tit\"><a href=\"https:\/\/www.orsiniarchitects.com\/index.php\/ux-portfolio\/boutique-upla-lodi\/\" title=\"Boutique Upla Lodi\" class=\"grid-item-tit-a\">Boutique Upla Lodi<\/a><\/h2><\/div><\/div><div class=\"brick-content ux-lazyload-wrap\" style=\" padding-top: 66.40625%;\"><div class=\"ux-background-img ux-background-img-1st ux-lazyload-bgimg\" data-bg=\"https:\/\/www.orsiniarchitects.com\/wp-content\/uploads\/2020\/01\/Smartly_CsoVittorio14.jpg\"><\/div><div class=\"ux-background-img ux_background_img_hide ux-lazyload-bgimg\" data-bg=\"\"><\/div><\/div><\/div><\/section><section class=\"grid-item filter_apt filter_projects filter_top \" data-postid=\"765\"><div class=\"grid-item-inside   bm-touch-tab\" data-animationend=\"fadeined\"><div class=\"grid-item-con post--765\" ><a href=\"https:\/\/www.orsiniarchitects.com\/index.php\/ux-portfolio\/apt-xx-settembre-lodi\/\" title=\"CENTRO STORICO\" class=\"grid-item-mask-link\"><\/a><div class=\"grid-item-con-text\"><h2 class=\"grid-item-tit\"><a href=\"https:\/\/www.orsiniarchitects.com\/index.php\/ux-portfolio\/apt-xx-settembre-lodi\/\" title=\"CENTRO STORICO\" class=\"grid-item-tit-a\">CENTRO STORICO<\/a><\/h2><\/div><\/div><div class=\"brick-content ux-lazyload-wrap\" style=\" padding-top: 66.71875%;\"><div class=\"ux-background-img ux-background-img-1st ux-lazyload-bgimg\" data-bg=\"https:\/\/www.orsiniarchitects.com\/wp-content\/uploads\/2020\/01\/DSC_5701.jpg\"><\/div><div class=\"ux-background-img ux_background_img_hide ux-lazyload-bgimg\" data-bg=\"\"><\/div><\/div><\/div><\/section><section class=\"grid-item filter_case filter_projects filter_top \" data-postid=\"713\"><div class=\"grid-item-inside   bm-touch-tab\" data-animationend=\"fadeined\"><div class=\"grid-item-con post--713\" ><a href=\"https:\/\/www.orsiniarchitects.com\/index.php\/ux-portfolio\/v59-house-milano\/\" title=\"MILANO CITT\u00c0 STUDI\" class=\"grid-item-mask-link\"><\/a><div class=\"grid-item-con-text\"><h2 class=\"grid-item-tit\"><a href=\"https:\/\/www.orsiniarchitects.com\/index.php\/ux-portfolio\/v59-house-milano\/\" title=\"MILANO CITT\u00c0 STUDI\" class=\"grid-item-tit-a\">MILANO CITT\u00c0 STUDI<\/a><\/h2><\/div><\/div><div class=\"brick-content ux-lazyload-wrap\" style=\" padding-top: 66.666666666667%;\"><div class=\"ux-background-img ux-background-img-1st ux-lazyload-bgimg\" data-bg=\"https:\/\/www.orsiniarchitects.com\/wp-content\/uploads\/2020\/01\/DSC_3076.jpg\"><\/div><div class=\"ux-background-img ux_background_img_hide ux-lazyload-bgimg\" data-bg=\"\"><\/div><\/div><\/div><\/section><section class=\"grid-item filter_case filter_projects filter_top \" data-postid=\"697\"><div class=\"grid-item-inside   bm-touch-tab\" data-animationend=\"fadeined\"><div class=\"grid-item-con post--697\" ><a href=\"https:\/\/www.orsiniarchitects.com\/index.php\/ux-portfolio\/st-barth-house\/\" title=\"SAINT BARTH\" class=\"grid-item-mask-link\"><\/a><div class=\"grid-item-con-text\"><h2 class=\"grid-item-tit\"><a href=\"https:\/\/www.orsiniarchitects.com\/index.php\/ux-portfolio\/st-barth-house\/\" title=\"SAINT BARTH\" class=\"grid-item-tit-a\">SAINT BARTH<\/a><\/h2><\/div><\/div><div class=\"brick-content ux-lazyload-wrap\" style=\" padding-top: 75%;\"><div class=\"ux-background-img ux-background-img-1st ux-lazyload-bgimg\" data-bg=\"https:\/\/www.orsiniarchitects.com\/wp-content\/uploads\/2020\/01\/StBarth6.jpg\"><\/div><div class=\"ux-background-img ux_background_img_hide ux-lazyload-bgimg\" data-bg=\"\"><\/div><\/div><\/div><\/section><section class=\"grid-item filter_case filter_projects filter_top \" data-postid=\"675\"><div class=\"grid-item-inside   bm-touch-tab\" data-animationend=\"fadeined\"><div class=\"grid-item-con post--675\" ><a href=\"https:\/\/www.orsiniarchitects.com\/index.php\/ux-portfolio\/casa-o-lodi\/\" title=\"O House\" class=\"grid-item-mask-link\"><\/a><div class=\"grid-item-con-text\"><h2 class=\"grid-item-tit\"><a href=\"https:\/\/www.orsiniarchitects.com\/index.php\/ux-portfolio\/casa-o-lodi\/\" title=\"O House\" class=\"grid-item-tit-a\">O House<\/a><\/h2><\/div><\/div><div class=\"brick-content ux-lazyload-wrap\" style=\" padding-top: 69.82421875%;\"><div class=\"ux-background-img ux-background-img-1st ux-lazyload-bgimg\" data-bg=\"https:\/\/www.orsiniarchitects.com\/wp-content\/uploads\/2020\/01\/CarloHouse9.jpg\"><\/div><div class=\"ux-background-img ux_background_img_hide ux-lazyload-bgimg\" data-bg=\"\"><\/div><\/div><\/div><\/section><section class=\"grid-item filter_case filter_projects filter_top \" data-postid=\"665\"><div class=\"grid-item-inside   bm-touch-tab\" data-animationend=\"fadeined\"><div class=\"grid-item-con post--665\" ><a href=\"https:\/\/www.orsiniarchitects.com\/index.php\/ux-portfolio\/cascina-p\/\" title=\"CASCINA LODI\" class=\"grid-item-mask-link\"><\/a><div class=\"grid-item-con-text\"><h2 class=\"grid-item-tit\"><a href=\"https:\/\/www.orsiniarchitects.com\/index.php\/ux-portfolio\/cascina-p\/\" title=\"CASCINA LODI\" class=\"grid-item-tit-a\">CASCINA LODI<\/a><\/h2><\/div><\/div><div class=\"brick-content ux-lazyload-wrap\" style=\" padding-top: 66.69921875%;\"><div class=\"ux-background-img ux-background-img-1st ux-lazyload-bgimg\" data-bg=\"https:\/\/www.orsiniarchitects.com\/wp-content\/uploads\/2020\/01\/CascinaP1.jpg\"><\/div><div class=\"ux-background-img ux_background_img_hide ux-lazyload-bgimg\" data-bg=\"\"><\/div><\/div><\/div><\/section><section class=\"grid-item filter_commerciali filter_projects filter_top \" data-postid=\"638\"><div class=\"grid-item-inside   bm-touch-tab\" data-animationend=\"fadeined\"><div class=\"grid-item-con post--638\" ><a href=\"https:\/\/www.orsiniarchitects.com\/index.php\/ux-portfolio\/boutique-smartly-c-so-vittorio\/\" title=\"Boutique Smartly C.so Vittorio\" class=\"grid-item-mask-link\"><\/a><div class=\"grid-item-con-text\"><h2 class=\"grid-item-tit\"><a href=\"https:\/\/www.orsiniarchitects.com\/index.php\/ux-portfolio\/boutique-smartly-c-so-vittorio\/\" title=\"Boutique Smartly C.so Vittorio\" class=\"grid-item-tit-a\">Boutique Smartly C.so Vittorio<\/a><\/h2><\/div><\/div><div class=\"brick-content ux-lazyload-wrap\" style=\" padding-top: 66.40625%;\"><div class=\"ux-background-img ux-background-img-1st ux-lazyload-bgimg\" data-bg=\"https:\/\/www.orsiniarchitects.com\/wp-content\/uploads\/2020\/01\/Smartly_CsoVittorio12.jpg\"><\/div><div class=\"ux-background-img ux_background_img_hide ux-lazyload-bgimg\" data-bg=\"\"><\/div><\/div><\/div><\/section><section class=\"grid-item filter_case filter_projects filter_top \" data-postid=\"599\"><div class=\"grid-item-inside   bm-touch-tab\" data-animationend=\"fadeined\"><div class=\"grid-item-con post--599\" ><a href=\"https:\/\/www.orsiniarchitects.com\/index.php\/ux-portfolio\/b6-house\/\" title=\"B6 House\" class=\"grid-item-mask-link\"><\/a><div class=\"grid-item-con-text\"><h2 class=\"grid-item-tit\"><a href=\"https:\/\/www.orsiniarchitects.com\/index.php\/ux-portfolio\/b6-house\/\" title=\"B6 House\" class=\"grid-item-tit-a\">B6 House<\/a><\/h2><\/div><\/div><div class=\"brick-content ux-lazyload-wrap\" style=\" padding-top: 67.03125%;\"><div class=\"ux-background-img ux-background-img-1st ux-lazyload-bgimg\" data-bg=\"https:\/\/www.orsiniarchitects.com\/wp-content\/uploads\/2020\/01\/Barzaghi619.jpg\"><\/div><div class=\"ux-background-img ux_background_img_hide ux-lazyload-bgimg\" data-bg=\"\"><\/div><\/div><\/div><\/section><section class=\"grid-item filter_apt filter_projects filter_top \" data-postid=\"577\"><div class=\"grid-item-inside   bm-touch-tab\" data-animationend=\"fadeined\"><div class=\"grid-item-con post--577\" ><a href=\"https:\/\/www.orsiniarchitects.com\/index.php\/ux-portfolio\/apt-re-lodi\/\" title=\"MANSARDA LODI\" class=\"grid-item-mask-link\"><\/a><div class=\"grid-item-con-text\"><h2 class=\"grid-item-tit\"><a href=\"https:\/\/www.orsiniarchitects.com\/index.php\/ux-portfolio\/apt-re-lodi\/\" title=\"MANSARDA LODI\" class=\"grid-item-tit-a\">MANSARDA LODI<\/a><\/h2><\/div><\/div><div class=\"brick-content ux-lazyload-wrap\" style=\" padding-top: 66.927083333333%;\"><div class=\"ux-background-img ux-background-img-1st ux-lazyload-bgimg\" data-bg=\"https:\/\/www.orsiniarchitects.com\/wp-content\/uploads\/2020\/01\/DSC4930.jpg\"><\/div><div class=\"ux-background-img ux_background_img_hide ux-lazyload-bgimg\" data-bg=\"\"><\/div><\/div><\/div><\/section><section class=\"grid-item filter_apt filter_projects filter_top \" data-postid=\"542\"><div class=\"grid-item-inside   bm-touch-tab\" data-animationend=\"fadeined\"><div class=\"grid-item-con post--542\" ><a href=\"https:\/\/www.orsiniarchitects.com\/index.php\/ux-portfolio\/apt-sc\/\" title=\"Apt. Sc\" class=\"grid-item-mask-link\"><\/a><div class=\"grid-item-con-text\"><h2 class=\"grid-item-tit\"><a href=\"https:\/\/www.orsiniarchitects.com\/index.php\/ux-portfolio\/apt-sc\/\" title=\"Apt. Sc\" class=\"grid-item-tit-a\">Apt. Sc<\/a><\/h2><\/div><\/div><div class=\"brick-content ux-lazyload-wrap\" style=\" padding-top: 66.40625%;\"><div class=\"ux-background-img ux-background-img-1st ux-lazyload-bgimg\" data-bg=\"https:\/\/www.orsiniarchitects.com\/wp-content\/uploads\/2020\/01\/DSC0594_R.jpg\"><\/div><div class=\"ux-background-img ux_background_img_hide ux-lazyload-bgimg\" data-bg=\"\"><\/div><\/div><\/div><\/section><section class=\"grid-item filter_apt filter_projects filter_top \" data-postid=\"514\"><div class=\"grid-item-inside   bm-touch-tab\" data-animationend=\"fadeined\"><div class=\"grid-item-con post--514\" ><a href=\"https:\/\/www.orsiniarchitects.com\/index.php\/ux-portfolio\/apt-bo\/\" title=\"VILLA LODI\" class=\"grid-item-mask-link\"><\/a><div class=\"grid-item-con-text\"><h2 class=\"grid-item-tit\"><a href=\"https:\/\/www.orsiniarchitects.com\/index.php\/ux-portfolio\/apt-bo\/\" title=\"VILLA LODI\" class=\"grid-item-tit-a\">VILLA LODI<\/a><\/h2><\/div><\/div><div class=\"brick-content ux-lazyload-wrap\" style=\" padding-top: 66.666666666667%;\"><div class=\"ux-background-img ux-background-img-1st ux-lazyload-bgimg\" data-bg=\"https:\/\/www.orsiniarchitects.com\/wp-content\/uploads\/2020\/01\/DSC_7990.jpg\"><\/div><div class=\"ux-background-img ux_background_img_hide ux-lazyload-bgimg\" data-bg=\"\"><\/div><\/div><\/div><\/section><section class=\"grid-item filter_commerciali filter_top \" data-postid=\"280\"><div class=\"grid-item-inside   bm-touch-tab\" data-animationend=\"fadeined\"><div class=\"grid-item-con post--280\" ><a href=\"https:\/\/www.orsiniarchitects.com\/index.php\/ux-portfolio\/smartly-corso-roma\/\" title=\"SMARTLY CORSO ROMA\" class=\"grid-item-mask-link\"><\/a><div class=\"grid-item-con-text\"><h2 class=\"grid-item-tit\"><a href=\"https:\/\/www.orsiniarchitects.com\/index.php\/ux-portfolio\/smartly-corso-roma\/\" title=\"SMARTLY CORSO ROMA\" class=\"grid-item-tit-a\">SMARTLY CORSO ROMA<\/a><\/h2><\/div><\/div><div class=\"brick-content ux-lazyload-wrap\" style=\" padding-top: 66.666666666667%;\"><div class=\"ux-background-img ux-background-img-1st ux-lazyload-bgimg\" data-bg=\"https:\/\/www.orsiniarchitects.com\/wp-content\/uploads\/2019\/08\/DSC_5748.jpg\"><\/div><div class=\"ux-background-img ux_background_img_hide ux-lazyload-bgimg\" data-bg=\"\"><\/div><\/div><\/div><\/section><section class=\"grid-item filter_apt filter_projects filter_top \" data-postid=\"186\"><div class=\"grid-item-inside   bm-touch-tab\" data-animationend=\"fadeined\"><div class=\"grid-item-con post--186\" ><a href=\"https:\/\/www.orsiniarchitects.com\/index.php\/ux-portfolio\/apt-c-so-umberto\/\" title=\"PALAZZO STORICO LODI\" class=\"grid-item-mask-link\"><\/a><div class=\"grid-item-con-text\"><h2 class=\"grid-item-tit\"><a href=\"https:\/\/www.orsiniarchitects.com\/index.php\/ux-portfolio\/apt-c-so-umberto\/\" title=\"PALAZZO STORICO LODI\" class=\"grid-item-tit-a\">PALAZZO STORICO LODI<\/a><\/h2><\/div><\/div><div class=\"brick-content ux-lazyload-wrap\" style=\" padding-top: 66.666666666667%;\"><div class=\"ux-background-img ux-background-img-1st ux-lazyload-bgimg\" data-bg=\"https:\/\/www.orsiniarchitects.com\/wp-content\/uploads\/2019\/08\/DSC_5684.jpg\"><\/div><div class=\"ux-background-img ux_background_img_hide ux-lazyload-bgimg\" data-bg=\"\"><\/div><\/div><\/div><\/section><section class=\"grid-item filter_apt filter_projects filter_top \" data-postid=\"159\"><div class=\"grid-item-inside   bm-touch-tab\" data-animationend=\"fadeined\"><div class=\"grid-item-con post--159\" ><a href=\"https:\/\/www.orsiniarchitects.com\/index.php\/ux-portfolio\/apt-lodi\/\" title=\"ATTICO LODI\" class=\"grid-item-mask-link\"><\/a><div class=\"grid-item-con-text\"><h2 class=\"grid-item-tit\"><a href=\"https:\/\/www.orsiniarchitects.com\/index.php\/ux-portfolio\/apt-lodi\/\" title=\"ATTICO LODI\" class=\"grid-item-tit-a\">ATTICO LODI<\/a><\/h2><\/div><\/div><div class=\"brick-content ux-lazyload-wrap\" style=\" padding-top: 66.666666666667%;\"><div class=\"ux-background-img ux-background-img-1st ux-lazyload-bgimg\" data-bg=\"https:\/\/www.orsiniarchitects.com\/wp-content\/uploads\/2019\/08\/DSC_5774.jpg\"><\/div><div class=\"ux-background-img ux_background_img_hide ux-lazyload-bgimg\" data-bg=\"\"><\/div><\/div><\/div><\/section><section class=\"grid-item filter_case filter_projects filter_top \" data-postid=\"14\"><div class=\"grid-item-inside   bm-touch-tab\" data-animationend=\"fadeined\"><div class=\"grid-item-con post--14\" ><a href=\"https:\/\/www.orsiniarchitects.com\/index.php\/ux-portfolio\/colazza\/\" title=\"LAGO MAGGIORE\" class=\"grid-item-mask-link\"><\/a><div class=\"grid-item-con-text\"><h2 class=\"grid-item-tit\"><a href=\"https:\/\/www.orsiniarchitects.com\/index.php\/ux-portfolio\/colazza\/\" title=\"LAGO MAGGIORE\" class=\"grid-item-tit-a\">LAGO MAGGIORE<\/a><\/h2><\/div><\/div><div class=\"brick-content ux-lazyload-wrap\" style=\" padding-top: 66.666666666667%;\"><div class=\"ux-background-img ux-background-img-1st ux-lazyload-bgimg\" data-bg=\"https:\/\/www.orsiniarchitects.com\/wp-content\/uploads\/2019\/06\/DSC_5450.jpg\"><\/div><div class=\"ux-background-img ux_background_img_hide ux-lazyload-bgimg\" data-bg=\"\"><\/div><\/div><\/div><\/section><\/div><\/div><\/div><\/div><\/div>","protected":false},"excerpt":{"rendered":"","protected":false},"author":1,"featured_media":0,"parent":0,"menu_order":0,"comment_status":"closed","ping_status":"closed","template":"","meta":{"inline_featured_image":false,"footnotes":""},"_links":{"self":[{"href":"https:\/\/www.orsiniarchitects.com\/index.php\/wp-json\/wp\/v2\/pages\/5"}],"collection":[{"href":"https:\/\/www.orsiniarchitects.com\/index.php\/wp-json\/wp\/v2\/pages"}],"about":[{"href":"https:\/\/www.orsiniarchitects.com\/index.php\/wp-json\/wp\/v2\/types\/page"}],"author":[{"embeddable":true,"href":"https:\/\/www.orsiniarchitects.com\/index.php\/wp-json\/wp\/v2\/users\/1"}],"replies":[{"embeddable":true,"href":"https:\/\/www.orsiniarchitects.com\/index.php\/wp-json\/wp\/v2\/comments?post=5"}],"version-history":[{"count":19,"href":"https:\/\/www.orsiniarchitects.com\/index.php\/wp-json\/wp\/v2\/pages\/5\/revisions"}],"predecessor-version":[{"id":1018,"href":"https:\/\/www.orsiniarchitects.com\/index.php\/wp-json\/wp\/v2\/pages\/5\/revisions\/1018"}],"wp:attachment":[{"href":"https:\/\/www.orsiniarchitects.com\/index.php\/wp-json\/wp\/v2\/media?parent=5"}],"curies":[{"name":"wp","href":"https:\/\/api.w.org\/{rel}","templated":true}]}}